{"id":254,"date":"2022-08-25T14:07:02","date_gmt":"2022-08-25T12:07:02","guid":{"rendered":"https:\/\/gefluegel.bildwort.com\/?page_id=254"},"modified":"2026-02-14T20:49:44","modified_gmt":"2026-02-14T19:49:44","slug":"informationen-und-downloads","status":"publish","type":"page","link":"https:\/\/www.gefl\u00fcgelzuchtverein-detmold.de\/home\/informationen-und-downloads\/","title":{"rendered":"Informationen"},"content":{"rendered":"<p>[et_pb_section fb_built=&#8220;1&#8243; bg_img_2=&#8220;https:\/\/www.gefl\u00fcgelzuchtverein-detmold.de\/wp-content\/uploads\/2022\/06\/resort-02.jpg&#8220; use_background_color_gradient_2=&#8220;off&#8220; background_color_gradient_direction_2=&#8220;105deg&#8220; background_color_gradient_stops_2=&#8220;rgba(255,255,255,0.65) 0%|rgba(255,255,255,0) 76%&#8220; background_color_gradient_start_2=&#8220;rgba(255,255,255,0.65)&#8220; background_color_gradient_end_2=&#8220;rgba(255,255,255,0)&#8220; background_color_gradient_start_position_2=&#8220;0%&#8220; background_color_gradient_end_position_2=&#8220;76%&#8220; background_color_gradient_overlays_image_2=&#8220;on&#8220; admin_label=&#8220;Header&#8220; _builder_version=&#8220;4.17.4&#8243; _module_preset=&#8220;default&#8220; use_background_color_gradient=&#8220;on&#8220; background_color_gradient_stops=&#8220;rgba(255,255,255,0) 0%|rgba(0,31,99,0.47) 50%&#8220; background_color_gradient_overlays_image=&#8220;on&#8220; background_color_gradient_start=&#8220;rgba(255,255,255,0)&#8220; background_color_gradient_end=&#8220;rgba(0,31,99,0.47)&#8220; background_color_gradient_end_position=&#8220;50%&#8220; background_image=&#8220;https:\/\/www.gefl\u00fcgelzuchtverein-detmold.de\/wp-content\/uploads\/2022\/08\/Home-Header.jpg&#8220; height=&#8220;700px&#8220; custom_padding=&#8220;8vw|0px|0|0px|false|false&#8220; locked=&#8220;off&#8220; global_colors_info=&#8220;{}&#8220;][\/et_pb_section][et_pb_section fb_built=&#8220;1&#8243; admin_label=&#8220;About Us&#8220; _builder_version=&#8220;4.16&#8243; _module_preset=&#8220;default&#8220; custom_padding=&#8220;50.75px|0px|0|0px|false|false&#8220; global_colors_info=&#8220;{}&#8220;][et_pb_row _builder_version=&#8220;4.16&#8243; _module_preset=&#8220;default&#8220; background_color=&#8220;#ffffff&#8220; max_width=&#8220;1160px&#8220; custom_padding=&#8220;|40px||40px||true&#8220; use_custom_width=&#8220;on&#8220; custom_width_px=&#8220;1160px&#8220; global_colors_info=&#8220;{}&#8220;][et_pb_column type=&#8220;4_4&#8243; _builder_version=&#8220;4.16&#8243; _module_preset=&#8220;default&#8220; custom_padding=&#8220;|||&#8220; global_colors_info=&#8220;{}&#8220; custom_padding__hover=&#8220;|||&#8220;][et_pb_post_title meta=&#8220;off&#8220; featured_image=&#8220;off&#8220; _builder_version=&#8220;4.17.4&#8243; _module_preset=&#8220;default&#8220; title_font=&#8220;Gilda Display||||||||&#8220; title_line_height=&#8220;1.3em&#8220; global_colors_info=&#8220;{}&#8220;][\/et_pb_post_title][\/et_pb_column][\/et_pb_row][et_pb_row column_structure=&#8220;1_2,1_2&#8243; _builder_version=&#8220;4.16&#8243; _module_preset=&#8220;default&#8220; global_colors_info=&#8220;{}&#8220;][et_pb_column type=&#8220;1_2&#8243; _builder_version=&#8220;4.16&#8243; _module_preset=&#8220;default&#8220; custom_padding=&#8220;|||&#8220; global_colors_info=&#8220;{}&#8220; custom_padding__hover=&#8220;|||&#8220;][et_pb_text _builder_version=&#8220;4.17.4&#8243; _module_preset=&#8220;default&#8220; text_font=&#8220;Open Sans||||||||&#8220; text_line_height=&#8220;2em&#8220; header_font=&#8220;||||||||&#8220; header_2_font=&#8220;Gilda Display||||||||&#8220; header_2_font_size=&#8220;60px&#8220; header_2_line_height=&#8220;1.2em&#8220; header_2_font_size_tablet=&#8220;40px&#8220; header_2_font_size_phone=&#8220;30px&#8220; header_2_font_size_last_edited=&#8220;on|phone&#8220; locked=&#8220;off&#8220; global_colors_info=&#8220;{}&#8220;]<\/p>\n<h1>Hinweise f\u00fcr Z\u00fcchter und H\u00fchnerhalter<\/h1>\n<div>\n<p>Die folgenden Links f\u00fchren zu Informationen f\u00fcr Z\u00fcchter und Interessierte:<\/p>\n<h3>Rassegefl\u00fcgel<\/h3>\n<p><a href=\"\/wp-content\/uploads\/2022\/08\/Merkblatt-Kreis-Lippe.pdf\" rel=\"attachment wp-att-257\">Merkblatt f\u00fcr Gefl\u00fcgelhalter<\/a><\/p>\n<p><a href=\"\/wp-content\/uploads\/2022\/08\/geflpestvo-2007.10.18-internet.pdf\" rel=\"attachment wp-att-258\">Gefl\u00fcgelpestverordnung<\/a><\/p>\n<p><a href=\"\/informationen-und-downloads\/die-tierseuchenkasse\/\">Tierseuchenkasse NRW<\/a><\/p>\n<h3>H\u00fchnerf\u00fctterung<\/h3>\n<p><a href=\"\/wp-content\/uploads\/2022\/08\/deuka-rassegefluegel-abc.pdf\" rel=\"attachment wp-att-265\">deuka Gefl\u00fcgelfutter<\/a><\/p>\n<h3>Milbenbefall<\/h3>\n<p><a href=\"\/informationen-und-downloads\/newcastle-krankheit\/\">Newcastle-Krankheit<\/a><\/p>\n<p><a href=\"\/informationen-und-downloads\/rote-vogelmilbe\/\">Rote Vogelmilbe<\/a><\/p>\n<p><a href=\"\/informationen-und-downloads\/nordische-vogelmilbe\/\">Nordische Vogelmilbe<\/a><\/p>\n<p><a href=\"\/informationen-und-downloads\/osb-stallseife-gegen-die-rote-vogelmilbe\/\">Milbenbek\u00e4mpfung mit Stallseife gegen die Rote Vogelmilbe<\/a><\/p>\n<\/div>\n<p>[\/et_pb_text][\/et_pb_column][et_pb_column type=&#8220;1_2&#8243; _builder_version=&#8220;4.16&#8243; _module_preset=&#8220;default&#8220; custom_padding=&#8220;|||&#8220; global_colors_info=&#8220;{}&#8220; custom_padding__hover=&#8220;|||&#8220;][\/et_pb_column][\/et_pb_row][et_pb_row column_structure=&#8220;2_3,1_3&#8243; _builder_version=&#8220;4.16&#8243; _module_preset=&#8220;default&#8220; custom_margin=&#8220;75px|auto||auto||&#8220; global_colors_info=&#8220;{}&#8220;][et_pb_column type=&#8220;2_3&#8243; _builder_version=&#8220;4.16&#8243; _module_preset=&#8220;default&#8220; custom_padding=&#8220;|||&#8220; global_colors_info=&#8220;{}&#8220; custom_padding__hover=&#8220;|||&#8220;][et_pb_text _builder_version=&#8220;4.17.4&#8243; _module_preset=&#8220;default&#8220; text_font=&#8220;Open Sans||||||||&#8220; text_line_height=&#8220;2em&#8220; header_font=&#8220;||||||||&#8220; header_2_font=&#8220;Gilda Display||||||||&#8220; header_2_font_size=&#8220;60px&#8220; header_2_line_height=&#8220;1.2em&#8220; header_2_font_size_tablet=&#8220;40px&#8220; header_2_font_size_phone=&#8220;30px&#8220; header_2_font_size_last_edited=&#8220;on|phone&#8220; locked=&#8220;off&#8220; global_colors_info=&#8220;{}&#8220;]<\/p>\n<h1>Links f\u00fcr Z\u00fcchter und Interessierte<\/h1>\n<p><a href=\"http:\/\/www.lwl.org\/LWL\/Kultur\/LWL-Freilichtmuseum-Detmold\/\" target=\"_blank\" rel=\"noopener\">LWL Freilichtmuseum Detmold<\/a><br \/>\n<a href=\"http:\/\/www.vogelpark-heiligenkirchen.de\/\" target=\"_blank\" rel=\"noopener\">Vogelpark Heiligenkirchen<\/a><br \/>\n<a href=\"http:\/\/www.detmold-adlerwarte.de\/\" target=\"_blank\" rel=\"noopener\">Adlerwarte Berlebeck<\/a><br \/>\n<a href=\"http:\/\/www.westfalen-lv.de\/\" target=\"_blank\" rel=\"noopener\">Landesverband der Rassegefl\u00fcgelz\u00fcchter Westfalen-Lippe<\/a><br \/>\n<a href=\"http:\/\/www.bdrg.de\/\" target=\"_blank\" rel=\"noopener\">Bund Deutscher Rassegefl\u00fcgelz\u00fcchter<\/a><br \/>\n<a href=\"http:\/\/www.rassegefluegelzucht-linnenkamp.de\/\" target=\"_blank\" rel=\"noopener\">Rassegefl\u00fcgelz\u00fcchter Linnenkamp<\/a>[\/et_pb_text][\/et_pb_column][et_pb_column type=&#8220;1_3&#8243; _builder_version=&#8220;4.16&#8243; _module_preset=&#8220;default&#8220; custom_padding=&#8220;|||&#8220; global_colors_info=&#8220;{}&#8220; custom_padding__hover=&#8220;|||&#8220;][\/et_pb_column][\/et_pb_row][\/et_pb_section][et_pb_section fb_built=&#8220;1&#8243; admin_label=&#8220;Testimonial&#8220; _builder_version=&#8220;4.16&#8243; _module_preset=&#8220;default&#8220; locked=&#8220;off&#8220; global_colors_info=&#8220;{}&#8220;][et_pb_row column_structure=&#8220;1_2,1_4,1_4&#8243; use_custom_gutter=&#8220;on&#8220; gutter_width=&#8220;2&#8243; make_equal=&#8220;on&#8220; padding_top_bottom_link_1=&#8220;true&#8220; padding_top_bottom_link_2=&#8220;false&#8220; padding_top_bottom_link_3=&#8220;false&#8220; _builder_version=&#8220;4.17.4&#8243; _module_preset=&#8220;default&#8220; locked=&#8220;off&#8220; global_colors_info=&#8220;{}&#8220; background__hover_enabled=&#8220;on&#8220;][et_pb_column type=&#8220;1_2&#8243; _builder_version=&#8220;4.16&#8243; _module_preset=&#8220;default&#8220; custom_padding=&#8220;|||&#8220; global_colors_info=&#8220;{}&#8220; custom_padding__hover=&#8220;|||&#8220;][\/et_pb_column][et_pb_column type=&#8220;1_4&#8243; _builder_version=&#8220;4.17.4&#8243; _module_preset=&#8220;default&#8220; use_background_color_gradient=&#8220;on&#8220; background_color_gradient_stops=&#8220;rgba(34,43,58,0) 0%|#222b3a 100%&#8220; background_color_gradient_start=&#8220;rgba(34,43,58,0)&#8220; background_color_gradient_end=&#8220;#222b3a&#8220; background_image=&#8220;https:\/\/www.gefl\u00fcgelzuchtverein-detmold.de\/wp-content\/uploads\/2022\/06\/7W0A4608.jpg&#8220; custom_padding=&#8220;|||&#8220; global_colors_info=&#8220;{}&#8220; custom_padding__hover=&#8220;|||&#8220;][et_pb_divider show_divider=&#8220;off&#8220; _builder_version=&#8220;4.16&#8243; _module_preset=&#8220;default&#8220; height=&#8220;200px&#8220; global_colors_info=&#8220;{}&#8220;][\/et_pb_divider][\/et_pb_column][et_pb_column type=&#8220;1_4&#8243; _builder_version=&#8220;4.17.4&#8243; _module_preset=&#8220;default&#8220; use_background_color_gradient=&#8220;on&#8220; background_color_gradient_stops=&#8220;rgba(255,255,255,0) 0%|#ffffff 100%&#8220; background_color_gradient_start=&#8220;rgba(255,255,255,0)&#8220; background_color_gradient_end=&#8220;#ffffff&#8220; background_image=&#8220;https:\/\/www.gefl\u00fcgelzuchtverein-detmold.de\/wp-content\/uploads\/2022\/08\/Huhn-vertikal.jpg&#8220; custom_padding=&#8220;|||&#8220; global_colors_info=&#8220;{}&#8220; custom_padding__hover=&#8220;|||&#8220;][et_pb_divider show_divider=&#8220;off&#8220; _builder_version=&#8220;4.17.4&#8243; _module_preset=&#8220;default&#8220; height=&#8220;200px&#8220; locked=&#8220;off&#8220; global_colors_info=&#8220;{}&#8220;][\/et_pb_divider][\/et_pb_column][\/et_pb_row][\/et_pb_section]<\/p>\n","protected":false},"excerpt":{"rendered":"<p>Hinweise f\u00fcr Z\u00fcchter und H\u00fchnerhalter Die folgenden Links f\u00fchren zu Informationen f\u00fcr Z\u00fcchter und Interessierte: Rassegefl\u00fcgel Merkblatt f\u00fcr Gefl\u00fcgelhalter Gefl\u00fcgelpestverordnung Tierseuchenkasse NRW H\u00fchnerf\u00fctterung deuka Gefl\u00fcgelfutter Milbenbefall Newcastle-Krankheit Rote Vogelmilbe Nordische Vogelmilbe Milbenbek\u00e4mpfung mit Stallseife gegen die Rote Vogelmilbe Links f\u00fcr Z\u00fcchter und Interessierte LWL Freilichtmuseum Detmold Vogelpark Heiligenkirchen Adlerwarte Berlebeck Landesverband der Rassegefl\u00fcgelz\u00fcchter Westfalen-Lippe Bund [&hellip;]<\/p>\n","protected":false},"author":1,"featured_media":0,"parent":0,"menu_order":0,"comment_status":"closed","ping_status":"closed","template":"","meta":{"_et_pb_use_builder":"on","_et_pb_old_content":"","_et_gb_content_width":"","footnotes":""},"class_list":["post-254","page","type-page","status-publish","hentry"],"_links":{"self":[{"href":"https:\/\/www.gefl\u00fcgelzuchtverein-detmold.de\/home\/wp-json\/wp\/v2\/pages\/254","targetHints":{"allow":["GET"]}}],"collection":[{"href":"https:\/\/www.gefl\u00fcgelzuchtverein-detmold.de\/home\/wp-json\/wp\/v2\/pages"}],"about":[{"href":"https:\/\/www.gefl\u00fcgelzuchtverein-detmold.de\/home\/wp-json\/wp\/v2\/types\/page"}],"author":[{"embeddable":true,"href":"https:\/\/www.gefl\u00fcgelzuchtverein-detmold.de\/home\/wp-json\/wp\/v2\/users\/1"}],"replies":[{"embeddable":true,"href":"https:\/\/www.gefl\u00fcgelzuchtverein-detmold.de\/home\/wp-json\/wp\/v2\/comments?post=254"}],"version-history":[{"count":11,"href":"https:\/\/www.gefl\u00fcgelzuchtverein-detmold.de\/home\/wp-json\/wp\/v2\/pages\/254\/revisions"}],"predecessor-version":[{"id":809,"href":"https:\/\/www.gefl\u00fcgelzuchtverein-detmold.de\/home\/wp-json\/wp\/v2\/pages\/254\/revisions\/809"}],"wp:attachment":[{"href":"https:\/\/www.gefl\u00fcgelzuchtverein-detmold.de\/home\/wp-json\/wp\/v2\/media?parent=254"}],"curies":[{"name":"wp","href":"https:\/\/api.w.org\/{rel}","templated":true}]}}