{"id":279,"date":"2022-08-25T14:15:38","date_gmt":"2022-08-25T12:15:38","guid":{"rendered":"https:\/\/gefluegel.bildwort.com\/?page_id=279"},"modified":"2022-08-31T08:58:53","modified_gmt":"2022-08-31T06:58:53","slug":"nordische-vogelmilbe","status":"publish","type":"page","link":"https:\/\/www.gefl\u00fcgelzuchtverein-detmold.de\/home\/informationen-und-downloads\/nordische-vogelmilbe\/","title":{"rendered":"Nordische Vogelmilbe"},"content":{"rendered":"<p>[et_pb_section fb_built=&#8220;1&#8243; bg_img_2=&#8220;https:\/\/www.gefl\u00fcgelzuchtverein-detmold.de\/wp-content\/uploads\/2022\/06\/resort-02.jpg&#8220; use_background_color_gradient_2=&#8220;off&#8220; background_color_gradient_direction_2=&#8220;105deg&#8220; background_color_gradient_stops_2=&#8220;rgba(255,255,255,0.65) 0%|rgba(255,255,255,0) 76%&#8220; background_color_gradient_start_2=&#8220;rgba(255,255,255,0.65)&#8220; background_color_gradient_end_2=&#8220;rgba(255,255,255,0)&#8220; background_color_gradient_start_position_2=&#8220;0%&#8220; background_color_gradient_end_position_2=&#8220;76%&#8220; background_color_gradient_overlays_image_2=&#8220;on&#8220; admin_label=&#8220;Header&#8220; _builder_version=&#8220;4.17.4&#8243; _module_preset=&#8220;default&#8220; use_background_color_gradient=&#8220;on&#8220; background_color_gradient_stops=&#8220;rgba(255,255,255,0) 0%|rgba(0,31,99,0.47) 50%&#8220; background_color_gradient_overlays_image=&#8220;on&#8220; background_color_gradient_start=&#8220;rgba(255,255,255,0)&#8220; background_color_gradient_end=&#8220;rgba(0,31,99,0.47)&#8220; background_color_gradient_end_position=&#8220;50%&#8220; background_image=&#8220;https:\/\/www.gefl\u00fcgelzuchtverein-detmold.de\/wp-content\/uploads\/2022\/08\/Home-Header.jpg&#8220; height=&#8220;700px&#8220; custom_padding=&#8220;8vw|0px|0|0px|false|false&#8220; locked=&#8220;off&#8220; global_colors_info=&#8220;{}&#8220;][\/et_pb_section][et_pb_section fb_built=&#8220;1&#8243; admin_label=&#8220;About Us&#8220; _builder_version=&#8220;4.16&#8243; _module_preset=&#8220;default&#8220; custom_padding=&#8220;50.75px|0px|0|0px|false|false&#8220; global_colors_info=&#8220;{}&#8220;][et_pb_row _builder_version=&#8220;4.16&#8243; _module_preset=&#8220;default&#8220; background_color=&#8220;#ffffff&#8220; max_width=&#8220;1160px&#8220; custom_padding=&#8220;|40px||40px||true&#8220; use_custom_width=&#8220;on&#8220; custom_width_px=&#8220;1160px&#8220; global_colors_info=&#8220;{}&#8220;][et_pb_column type=&#8220;4_4&#8243; _builder_version=&#8220;4.16&#8243; _module_preset=&#8220;default&#8220; custom_padding=&#8220;|||&#8220; global_colors_info=&#8220;{}&#8220; custom_padding__hover=&#8220;|||&#8220;][et_pb_post_title meta=&#8220;off&#8220; featured_image=&#8220;off&#8220; _builder_version=&#8220;4.17.4&#8243; _module_preset=&#8220;default&#8220; title_font=&#8220;Gilda Display||||||||&#8220; title_line_height=&#8220;1.3em&#8220; hover_enabled=&#8220;0&#8243; global_colors_info=&#8220;{}&#8220; sticky_enabled=&#8220;0&#8243;][\/et_pb_post_title][\/et_pb_column][\/et_pb_row][et_pb_row _builder_version=&#8220;4.16&#8243; _module_preset=&#8220;default&#8220; global_colors_info=&#8220;{}&#8220;][et_pb_column type=&#8220;4_4&#8243; _builder_version=&#8220;4.16&#8243; _module_preset=&#8220;default&#8220; custom_padding=&#8220;|||&#8220; global_colors_info=&#8220;{}&#8220; custom_padding__hover=&#8220;|||&#8220;][et_pb_text _builder_version=&#8220;4.17.4&#8243; _module_preset=&#8220;default&#8220; text_font=&#8220;Open Sans||||||||&#8220; text_line_height=&#8220;2em&#8220; header_font=&#8220;||||||||&#8220; header_2_font=&#8220;Gilda Display||||||||&#8220; header_2_font_size=&#8220;60px&#8220; header_2_line_height=&#8220;1.2em&#8220; header_2_font_size_tablet=&#8220;40px&#8220; header_2_font_size_phone=&#8220;30px&#8220; header_2_font_size_last_edited=&#8220;on|phone&#8220; locked=&#8220;off&#8220; global_colors_info=&#8220;{}&#8220;]<\/p>\n<table border=\"0\" width=\"960\" cellspacing=\"0\" cellpadding=\"0\" align=\"center\">\n<tbody>\n<tr>\n<td>\n<p>Quelle: Wikipedia<\/p>\n<h3>Systematik<\/h3>\n<\/td>\n<\/tr>\n<tr>\n<td>\n<table border=\"0\" width=\"100%\" cellspacing=\"1\" cellpadding=\"0\">\n<tbody>\n<tr>\n<td width=\"299\">Unterklasse:<\/td>\n<td width=\"301\">Milben (Acari)<\/td>\n<td rowspan=\"7\" align=\"right\" width=\"356\"><img loading=\"lazy\" decoding=\"async\" class=\"wp-image-278 alignnone size-medium\" src=\"https:\/\/www.gefl\u00fcgelzuchtverein-detmold.de\/wp-content\/uploads\/2022\/08\/i_nordische-vogelmilbe_clip_image001-218x300.jpeg\" alt=\"\" width=\"218\" height=\"300\" srcset=\"https:\/\/www.gefl\u00fcgelzuchtverein-detmold.de\/wp-content\/uploads\/2022\/08\/i_nordische-vogelmilbe_clip_image001-218x300.jpeg 218w, https:\/\/www.gefl\u00fcgelzuchtverein-detmold.de\/wp-content\/uploads\/2022\/08\/i_nordische-vogelmilbe_clip_image001.jpeg 291w\" sizes=\"(max-width: 218px) 100vw, 218px\" \/><\/td>\n<\/tr>\n<tr>\n<td>Ordnung:<\/td>\n<td>Mesostigmata<\/td>\n<\/tr>\n<tr>\n<td>Kohorte:<\/td>\n<td>Raubmilben (Gamasina)<\/td>\n<\/tr>\n<tr>\n<td>Familie:<\/td>\n<td>Macronyssidae<\/td>\n<\/tr>\n<tr>\n<td>Gattung:<\/td>\n<td>Ornithonyssus<\/td>\n<\/tr>\n<tr>\n<td>Art:<\/td>\n<td>Nordische Vogelmilbe<\/td>\n<\/tr>\n<tr>\n<td valign=\"top\">Wissenschaftlicher Name<\/td>\n<td valign=\"top\">Ornithonyssus sylviarum<br \/>(Canestrini &amp; Fanzago, 1877)<\/td>\n<\/tr>\n<\/tbody>\n<\/table>\n<\/td>\n<\/tr>\n<tr>\n<td height=\"40\">\n<div>\n<p>Die\u00a0<strong>Nordische Vogelmilbe<\/strong>\u00a0(<em>Ornithonyssus sylviarum<\/em>) ist ein blutsaugender Ektoparasit wildlebender und vom Menschen gehaltener Vogelarten. Der Name wurde gew\u00e4hlt in Abgrenzung zur sehr \u00e4hnlichen Tropischen Vogelmilbe\u00a0<em>Ornithonyssus bursa<\/em>, die derselben Gattung angeh\u00f6rt.<\/p>\n<h3>Merkmale<\/h3>\n<p>Die Milben sind etwa 534-817 x 267-500 Mikrometer gro\u00df (geschlechtsreife Weibchen). Sie sind n\u00fcchtern wei\u00dfgrau gef\u00e4rbt. Nach einer Blutmahlzeit wirken sie durch durchscheinendes Blut im Darm leuchtend rot. Wie typisch f\u00fcr Milben, besteht der K\u00f6rper der Nordischen Vogelmilbe aus zwei Abschnitten, dem gr\u00f6\u00dferen Idiosoma, das die vier Beinpaare tr\u00e4gt und dem kleineren, zwischen den Vorderh\u00fcften ansitzenden Gnathosoma, das die Mundwerkzeuge tr\u00e4gt. Das Idiosoma der Art ist langgestreckt oval und \u00fcberwiegend flexibel und weich sklerotisiert. In dieses weiche, dehnbare Integument sind h\u00e4rter sklerotisierte Platten (Sklerite oder Schilde) eingelagert.\u00a0<em>Ornithonyssus<\/em>-Arten tragen auf der Oberseite einen Dorsalschild, der den gr\u00f6\u00dften Teil des K\u00f6rpers bedeckt. Auf der Bauchseite sitzen hintereinander drei kleinere Schilde (Sternal-, Genital-, Analschild). Der Dorsalschild ist langgestreckt oval und nach hinten lang ausgezogen verschm\u00e4lert, das Hinterende ist dann geradlinig abgestutzt.<br \/>Bei den Mundwerkzeugen sind die Cheliceren stilettf\u00f6rmig verl\u00e4ngert, sie dienen als Stechborsten, um bei der Blutmahlzeit die Haut des Wirts zu durchstechen. An ihrem vorderen Ende ist eine kleine, aber deutlich erkennbare Schere (Chela) erkennbar, die, wie \u00fcblich, aus einem festen und einem beweglichen Scherenfinger besteht.<br \/>Die Rote Vogelmilbe (<em>Dermanyssus gallinae<\/em>) ist so unterscheidbar: Sie besitzt anders geformte Dorsal- und Genitalschilde, au\u00dferdem ist das Scherenglied an den Cheliceren bei\u00a0<em>Dermanyssus<\/em>\u00a0viel kleiner und kaum erkennbar. Die Unterscheidung von anderen\u00a0<em>Ornithonyssus<\/em>-Arten ist schwierig und nur nach der Beborstung m\u00f6glich.<\/p>\n<h3>Lebenszyklus<\/h3>\n<p>Im Gegensatz zur Roten Vogelmilbe verbringt die Art ihren gesamten Lebenszyklus auf dem Wirt. Die Eier werden in Eimassen an der Basis der Federn abgelegt. Aus ihnen schl\u00fcpft eine sechsbeinige Larve. Nach H\u00e4utungen werden zwei achtbeinige Nymphenstadien durchlaufen, deren zweites sich zum geschlechtsreifen Adulttier h\u00e4utet. Alle Stadien, vom Ei bis zur erneuten Eiablage, werden in 5 bis 12 Tagen durchlaufen. Blutsaugend sind nur das Adulttier und das erste Nymphenstadium (Protonymphe), die anderen Stadien nehmen keine Nahrung auf. Die Protonymphe saugt vor der H\u00e4utung zweimal. Die Weibchen saugen vielfach, vor jeder Eiablage. Abseits des Wirts kann die Milbe ca. eine Woche lang \u00fcberleben. Einige Adulti und Nymphen verlassen den Wirt freiwillig auf der Suche nach neuen Wirten. F\u00fcr eine Infektion ist daher nicht unbedingt direkter K\u00f6rperkontakt n\u00f6tig.<\/p>\n<h3>\u00d6kologie und Lebensweise<\/h3>\n<p>Die Nordische Vogelmilbe ist wenig wirtspezifisch. Als Wirte sind eine Vielzahl wild lebender Vogelarten aus zahlreichen Ordnungen beschrieben. \u00d6konomisch bedeutsam ist vor allem der Befall von Gefl\u00fcgel, insbesondere Haush\u00fchnern. Daneben werden auch Zierv\u00f6gel befallen. Die Art kommt fast weltweit vor, wird aber in w\u00e4rmeren Klimaten durch die verwandte tropische Vogel-milbe\u00a0<em>Ornithonyssus bursa<\/em>\u00a0ersetzt; diese wird gelegentlich nach Mitteleuropa eingeschleppt.<\/p>\n<\/div>\n<\/td>\n<\/tr>\n<\/tbody>\n<\/table>\n<p>[\/et_pb_text][\/et_pb_column][\/et_pb_row][\/et_pb_section][et_pb_section fb_built=&#8220;1&#8243; admin_label=&#8220;Testimonial&#8220; _builder_version=&#8220;4.16&#8243; _module_preset=&#8220;default&#8220; locked=&#8220;off&#8220; global_colors_info=&#8220;{}&#8220;][et_pb_row column_structure=&#8220;1_2,1_4,1_4&#8243; use_custom_gutter=&#8220;on&#8220; gutter_width=&#8220;2&#8243; make_equal=&#8220;on&#8220; padding_top_bottom_link_1=&#8220;true&#8220; padding_top_bottom_link_2=&#8220;false&#8220; padding_top_bottom_link_3=&#8220;false&#8220; _builder_version=&#8220;4.17.4&#8243; _module_preset=&#8220;default&#8220; locked=&#8220;off&#8220; global_colors_info=&#8220;{}&#8220; background__hover_enabled=&#8220;on&#8220;][et_pb_column type=&#8220;1_2&#8243; _builder_version=&#8220;4.16&#8243; _module_preset=&#8220;default&#8220; custom_padding=&#8220;|||&#8220; global_colors_info=&#8220;{}&#8220; custom_padding__hover=&#8220;|||&#8220;][\/et_pb_column][et_pb_column type=&#8220;1_4&#8243; _builder_version=&#8220;4.17.4&#8243; _module_preset=&#8220;default&#8220; use_background_color_gradient=&#8220;on&#8220; background_color_gradient_stops=&#8220;rgba(34,43,58,0) 0%|#222b3a 100%&#8220; background_color_gradient_start=&#8220;rgba(34,43,58,0)&#8220; background_color_gradient_end=&#8220;#222b3a&#8220; background_image=&#8220;https:\/\/www.gefl\u00fcgelzuchtverein-detmold.de\/wp-content\/uploads\/2022\/06\/7W0A4608.jpg&#8220; custom_padding=&#8220;|||&#8220; global_colors_info=&#8220;{}&#8220; custom_padding__hover=&#8220;|||&#8220;][et_pb_divider show_divider=&#8220;off&#8220; _builder_version=&#8220;4.16&#8243; _module_preset=&#8220;default&#8220; height=&#8220;200px&#8220; global_colors_info=&#8220;{}&#8220;][\/et_pb_divider][\/et_pb_column][et_pb_column type=&#8220;1_4&#8243; _builder_version=&#8220;4.17.4&#8243; _module_preset=&#8220;default&#8220; use_background_color_gradient=&#8220;on&#8220; background_color_gradient_stops=&#8220;rgba(255,255,255,0) 0%|#ffffff 100%&#8220; background_color_gradient_start=&#8220;rgba(255,255,255,0)&#8220; background_color_gradient_end=&#8220;#ffffff&#8220; background_image=&#8220;https:\/\/www.gefl\u00fcgelzuchtverein-detmold.de\/wp-content\/uploads\/2022\/08\/Huhn-vertikal.jpg&#8220; custom_padding=&#8220;|||&#8220; global_colors_info=&#8220;{}&#8220; custom_padding__hover=&#8220;|||&#8220;][et_pb_divider show_divider=&#8220;off&#8220; _builder_version=&#8220;4.17.4&#8243; _module_preset=&#8220;default&#8220; height=&#8220;200px&#8220; locked=&#8220;off&#8220; global_colors_info=&#8220;{}&#8220;][\/et_pb_divider][\/et_pb_column][\/et_pb_row][\/et_pb_section]<\/p>\n","protected":false},"excerpt":{"rendered":"<p>Quelle: Wikipedia Systematik Unterklasse: Milben (Acari) Ordnung: Mesostigmata Kohorte: Raubmilben (Gamasina) Familie: Macronyssidae Gattung: Ornithonyssus Art: Nordische Vogelmilbe Wissenschaftlicher Name Ornithonyssus sylviarum(Canestrini &amp; Fanzago, 1877) Die\u00a0Nordische Vogelmilbe\u00a0(Ornithonyssus sylviarum) ist ein blutsaugender Ektoparasit wildlebender und vom Menschen gehaltener Vogelarten. Der Name wurde gew\u00e4hlt in Abgrenzung zur sehr \u00e4hnlichen Tropischen Vogelmilbe\u00a0Ornithonyssus bursa, die derselben Gattung angeh\u00f6rt. Merkmale [&hellip;]<\/p>\n","protected":false},"author":1,"featured_media":0,"parent":254,"menu_order":0,"comment_status":"closed","ping_status":"closed","template":"","meta":{"_et_pb_use_builder":"on","_et_pb_old_content":"","_et_gb_content_width":"","footnotes":""},"class_list":["post-279","page","type-page","status-publish","hentry"],"_links":{"self":[{"href":"https:\/\/www.gefl\u00fcgelzuchtverein-detmold.de\/home\/wp-json\/wp\/v2\/pages\/279","targetHints":{"allow":["GET"]}}],"collection":[{"href":"https:\/\/www.gefl\u00fcgelzuchtverein-detmold.de\/home\/wp-json\/wp\/v2\/pages"}],"about":[{"href":"https:\/\/www.gefl\u00fcgelzuchtverein-detmold.de\/home\/wp-json\/wp\/v2\/types\/page"}],"author":[{"embeddable":true,"href":"https:\/\/www.gefl\u00fcgelzuchtverein-detmold.de\/home\/wp-json\/wp\/v2\/users\/1"}],"replies":[{"embeddable":true,"href":"https:\/\/www.gefl\u00fcgelzuchtverein-detmold.de\/home\/wp-json\/wp\/v2\/comments?post=279"}],"version-history":[{"count":3,"href":"https:\/\/www.gefl\u00fcgelzuchtverein-detmold.de\/home\/wp-json\/wp\/v2\/pages\/279\/revisions"}],"predecessor-version":[{"id":374,"href":"https:\/\/www.gefl\u00fcgelzuchtverein-detmold.de\/home\/wp-json\/wp\/v2\/pages\/279\/revisions\/374"}],"up":[{"embeddable":true,"href":"https:\/\/www.gefl\u00fcgelzuchtverein-detmold.de\/home\/wp-json\/wp\/v2\/pages\/254"}],"wp:attachment":[{"href":"https:\/\/www.gefl\u00fcgelzuchtverein-detmold.de\/home\/wp-json\/wp\/v2\/media?parent=279"}],"curies":[{"name":"wp","href":"https:\/\/api.w.org\/{rel}","templated":true}]}}