{"id":3,"date":"2022-06-27T10:17:36","date_gmt":"2022-06-27T08:17:36","guid":{"rendered":"https:\/\/gefluegel.bildwort.com\/?page_id=3"},"modified":"2026-04-24T18:11:02","modified_gmt":"2026-04-24T16:11:02","slug":"datenschutzerklaerung","status":"publish","type":"page","link":"https:\/\/www.gefl\u00fcgelzuchtverein-detmold.de\/home\/datenschutzerklaerung\/","title":{"rendered":"Datenschutzerkl\u00e4rung"},"content":{"rendered":"<header id=\"main-header\" class=\"et-fixed-header\" data-height-onload=\"64\" data-height-loaded=\"true\" data-fixed-height-onload=\"64\">\r\n<div class=\"container clearfix et_menu_container\">\r\n<div id=\"et-top-navigation\" data-height=\"50\" data-fixed-height=\"50\"><nav id=\"top-menu-nav\">\r\n<p><strong style=\"color: #333333; font-size: 26px;\" data-start=\"199\" data-end=\"212\">Impressum<\/strong><\/p>\r\n<\/nav><\/div>\r\n<\/div>\r\n<\/header>\r\n<div id=\"et-main-area\">\r\n<div id=\"main-content\">\r\n<article id=\"post-29515\" class=\"post-29515 page type-page status-publish hentry\">\r\n<div class=\"entry-content\">\r\n<div class=\"et-l et-l--post\">\r\n<div class=\"et_builder_inner_content\">\r\n<div class=\"et_pb_section_0 et_pb_section et_section_regular et_block_section\">\r\n<div class=\"et_pb_row_0 et_pb_row et_block_row\">\r\n<div class=\"et_pb_column_0 et_pb_column et_pb_column_4_4 et-last-child et_block_column et_pb_css_mix_blend_mode_passthrough\">\r\n<div class=\"et_pb_text_0 et_pb_text et_pb_bg_layout_light et_pb_module et_block_module preset--module--divi-text--default\">\r\n<div class=\"et_pb_text_inner\">\r\n<p>Gefl\u00fcgelzuchtverein Detmold und Umgebung von 1894 e.V.<br \/><strong data-start=\"463\" data-end=\"519\">Verantwortlich f\u00fcr den Inhalt nach \u00a7 18 Abs. 2 MStV:<\/strong><\/p>\r\n<p>Ludwig Bartmann<br \/>Wilhelmweg 7<br \/>32756 Detmold<br \/>Tel. 05231 65366<br \/><a href=\"mailto:info@gzv-detmold.de\" target=\"_blank\" rel=\"noopener\">info@gzv-detmold.de<\/a><\/p>\r\n<hr data-start=\"568\" data-end=\"571\" \/>\r\n<h3 class=\"wp-block-heading\" data-start=\"573\" data-end=\"596\">Haftung f\u00fcr Inhalte<\/h3>\r\n<p data-start=\"598\" data-end=\"933\">Als Diensteanbieter sind wir gem\u00e4\u00df \u00a7 7 Abs. 1 TMG f\u00fcr eigene Inhalte auf diesen Seiten nach den allgemeinen Gesetze verantwortlich. Nach \u00a7\u00a7 8 bis 10 TMG sind wir jedoch nicht verpflichtet, \u00fcbermittelte oder gespeicherte fremde Informationen zu \u00fcberwachen oder nach Umst\u00e4nden zu forschen, die auf eine rechtswidrige T\u00e4tigkeit hinweisen.<\/p>\r\n<hr data-start=\"935\" data-end=\"938\" \/>\r\n<h3 data-start=\"940\" data-end=\"961\">Haftung f\u00fcr Links<\/h3>\r\n<p data-start=\"963\" data-end=\"1254\">Unsere Website enth\u00e4lt Links zu externen Websites Dritter, auf deren Inhalte wir keinen Einfluss haben. Deshalb k\u00f6nnen wir f\u00fcr diese fremden Inhalte auch keine Gew\u00e4hr \u00fcbernehmen. F\u00fcr die Inhalte der verlinkten Seiten ist stets der jeweilige Anbieter oder Betreiber der Seiten verantwortlich.<\/p>\r\n<hr data-start=\"1256\" data-end=\"1259\" \/>\r\n<h3 data-start=\"1261\" data-end=\"1277\">Urheberrecht<\/h3>\r\n<p data-start=\"1279\" data-end=\"1443\">Die durch die Seitenbetreiber erstellten Inhalte und Werke auf diesen Seiten unterliegen dem deutschen Urheberrecht. Inhalte Dritter sind als solche gekennzeichnet.<\/p>\r\n<h1 data-start=\"472\" data-end=\"498\"><strong data-start=\"474\" data-end=\"498\">Datenschutzerkl\u00e4rung<\/strong><\/h1>\r\n<p data-start=\"500\" data-end=\"815\">Der Schutz Ihrer pers\u00f6nlichen Daten ist uns ein besonderes Anliegen. Wir verarbeiten Ihre personenbezogenen Daten ausschlie\u00dflich im Rahmen der gesetzlichen Bestimmungen der Datenschutz-Grundverordnung (DSGVO), des Bundesdatenschutzgesetzes (BDSG) sowie des Telekommunikation-Telemedien-Datenschutz-Gesetzes (TTDSG).<\/p>\r\n<hr data-start=\"817\" data-end=\"820\" \/>\r\n<h2 data-start=\"822\" data-end=\"848\"><strong data-start=\"825\" data-end=\"848\">1. Verantwortlicher<\/strong><\/h2>\r\n<p data-start=\"850\" data-end=\"966\">Ludwig Bartmann<br \/>Wilhelmweg 7<br \/>32756 Detmold<br \/>Tel. 05231 65366<br \/><a href=\"mailto:info@gzv-detmold.de\" target=\"_blank\" rel=\"noopener\">info@gzv-detmold.de<\/a><\/p>\r\n<hr data-start=\"1031\" data-end=\"1034\" \/>\r\n<h2 data-start=\"1036\" data-end=\"1087\"><strong data-start=\"1039\" data-end=\"1087\">2. Allgemeine Hinweise zur Datenverarbeitung<\/strong><\/h2>\r\n<p data-start=\"1089\" data-end=\"1388\">Personenbezogene Daten sind alle Daten, mit denen Sie pers\u00f6nlich identifiziert werden k\u00f6nnen. Die Nutzung unserer Website ist grunds\u00e4tzlich ohne Angabe personenbezogener Daten m\u00f6glich. Personenbezogene Daten werden nur erhoben, wenn dies technisch erforderlich ist oder Sie ausdr\u00fccklich einwilligen.<\/p>\r\n<hr data-start=\"1390\" data-end=\"1393\" \/>\r\n<h2 data-start=\"1395\" data-end=\"1412\"><strong data-start=\"1398\" data-end=\"1412\">3. Hosting<\/strong><\/h2>\r\n<p data-start=\"1414\" data-end=\"1638\">Diese Website wird bei einem externen Hosting-Dienstleister betrieben. Dabei werden personenbezogene Daten auf den Servern des Hosting-Anbieters verarbeitet, soweit dies f\u00fcr den sicheren Betrieb der Website erforderlich ist.<\/p>\r\n<p data-start=\"1640\" data-end=\"1765\"><strong data-start=\"1640\" data-end=\"1660\">Rechtsgrundlage:<\/strong><br data-start=\"1660\" data-end=\"1663\" \/>Art. 6 Abs. 1 lit. f DSGVO (berechtigtes Interesse an einem sicheren und stabilen Betrieb der Website)<\/p>\r\n<hr data-start=\"1767\" data-end=\"1770\" \/>\r\n<h2 data-start=\"1772\" data-end=\"1800\"><strong data-start=\"1775\" data-end=\"1800\">4. Server-Log-Dateien<\/strong><\/h2>\r\n<p data-start=\"1802\" data-end=\"1900\">Der Hosting-Provider erhebt automatisch Informationen in sogenannten Server-Log-Dateien, darunter:<\/p>\r\n<ul data-start=\"1902\" data-end=\"2067\">\r\n<li data-start=\"1902\" data-end=\"1935\">\r\n<p data-start=\"1904\" data-end=\"1935\">Browsertyp und Browserversion<\/p>\r\n<\/li>\r\n<li data-start=\"1936\" data-end=\"1966\">\r\n<p data-start=\"1938\" data-end=\"1966\">verwendetes Betriebssystem<\/p>\r\n<\/li>\r\n<li data-start=\"1967\" data-end=\"1983\">\r\n<p data-start=\"1969\" data-end=\"1983\">Referrer-URL<\/p>\r\n<\/li>\r\n<li data-start=\"1984\" data-end=\"2022\">\r\n<p data-start=\"1986\" data-end=\"2022\">Hostname des zugreifenden Rechners<\/p>\r\n<\/li>\r\n<li data-start=\"2023\" data-end=\"2052\">\r\n<p data-start=\"2025\" data-end=\"2052\">Uhrzeit der Serveranfrage<\/p>\r\n<\/li>\r\n<li data-start=\"2053\" data-end=\"2067\">\r\n<p data-start=\"2055\" data-end=\"2067\">IP-Adresse<\/p>\r\n<\/li>\r\n<\/ul>\r\n<p data-start=\"2069\" data-end=\"2135\">Diese Daten werden nicht mit anderen Datenquellen zusammengef\u00fchrt.<\/p>\r\n<hr data-start=\"2137\" data-end=\"2140\" \/>\r\n<h2 data-start=\"2142\" data-end=\"2192\"><strong data-start=\"2145\" data-end=\"2192\">5. Cookies &amp; Consent-Management (CookieYes)<\/strong><\/h2>\r\n<p data-start=\"2194\" data-end=\"2303\">Unsere Website verwendet Cookies. Cookies sind kleine Textdateien, die auf Ihrem Endger\u00e4t gespeichert werden.<\/p>\r\n<p data-start=\"2305\" data-end=\"2492\">Zur Verwaltung der eingesetzten Cookies und \u00e4hnlicher Technologien nutzen wir\u00a0<strong data-start=\"2383\" data-end=\"2396\">CookieYes<\/strong>. Dieses Tool erm\u00f6glicht es Ihnen, Ihre Einwilligung individuell zu erteilen oder zu widerrufen.<\/p>\r\n<ul data-start=\"2494\" data-end=\"2660\">\r\n<li data-start=\"2494\" data-end=\"2564\">\r\n<p data-start=\"2496\" data-end=\"2564\"><strong data-start=\"2496\" data-end=\"2528\">Technisch notwendige Cookies<\/strong>\u00a0werden ohne Einwilligung gesetzt.<\/p>\r\n<\/li>\r\n<li data-start=\"2565\" data-end=\"2660\">\r\n<p data-start=\"2567\" data-end=\"2660\"><strong data-start=\"2567\" data-end=\"2601\">Analyse- und Marketing-Cookies<\/strong>\u00a0werden nur nach Ihrer ausdr\u00fccklichen Zustimmung aktiviert.<\/p>\r\n<\/li>\r\n<\/ul>\r\n<p data-start=\"2662\" data-end=\"2806\"><strong data-start=\"2662\" data-end=\"2682\">Rechtsgrundlage:<\/strong><br data-start=\"2682\" data-end=\"2685\" \/>Art. 6 Abs. 1 lit. a DSGVO (Einwilligung)<br data-start=\"2726\" data-end=\"2729\" \/>Art. 6 Abs. 1 lit. f DSGVO (technisch notwendige Cookies)<br data-start=\"2786\" data-end=\"2789\" \/>\u00a7 25 Abs. 1 TTDSG<\/p>\r\n<hr data-start=\"2808\" data-end=\"2811\" \/>\r\n<h2 data-start=\"2813\" data-end=\"2847\"><strong data-start=\"2816\" data-end=\"2847\">6. Google Analytics 4 (GA4)<\/strong><\/h2>\r\n<p data-start=\"2849\" data-end=\"2990\">Diese Website nutzt\u00a0<strong data-start=\"2869\" data-end=\"2891\">Google Analytics 4<\/strong>, einen Webanalysedienst der Google Ireland Limited, Gordon House, Barrow Street, Dublin 4, Irland.<\/p>\r\n<p data-start=\"2992\" data-end=\"3139\">Google Analytics verwendet Cookies, die eine Analyse Ihrer Benutzung der Website erm\u00f6glichen. Die IP-Adresse wird vor der Speicherung anonymisiert.<\/p>\r\n<p data-start=\"3141\" data-end=\"3305\">Die erfassten Informationen werden in der Regel an Server von Google \u00fcbertragen und dort gespeichert. Eine \u00dcbermittlung in die USA kann nicht ausgeschlossen werden.<\/p>\r\n<p data-start=\"3307\" data-end=\"3371\"><strong data-start=\"3307\" data-end=\"3327\">Rechtsgrundlage:<\/strong><br data-start=\"3327\" data-end=\"3330\" \/>Art. 6 Abs. 1 lit. a DSGVO (Einwilligung)<\/p>\r\n<hr data-start=\"3373\" data-end=\"3376\" \/>\r\n<h2 data-start=\"3378\" data-end=\"3434\"><strong data-start=\"3381\" data-end=\"3434\">7. Google Ads (Conversion-Tracking &amp; Remarketing)<\/strong><\/h2>\r\n<p data-start=\"3436\" data-end=\"3629\">Wir nutzen\u00a0<strong data-start=\"3447\" data-end=\"3461\">Google Ads<\/strong>, um Werbeanzeigen auszuspielen und den Erfolg dieser Ma\u00dfnahmen zu messen. Dabei wird ein Cookie gesetzt, wenn Sie \u00fcber eine Google-Anzeige auf unsere Website gelangen.<\/p>\r\n<p data-start=\"3631\" data-end=\"3764\">Google Ads erm\u00f6glicht zudem Remarketing-Funktionen, bei denen Nutzern auf anderen Websites gezielte Anzeigen angezeigt werden k\u00f6nnen.<\/p>\r\n<p data-start=\"3766\" data-end=\"3830\"><strong data-start=\"3766\" data-end=\"3786\">Rechtsgrundlage:<\/strong><br data-start=\"3786\" data-end=\"3789\" \/>Art. 6 Abs. 1 lit. a DSGVO (Einwilligung)<\/p>\r\n<hr data-start=\"3832\" data-end=\"3835\" \/>\r\n<h2 data-start=\"3837\" data-end=\"3880\"><strong data-start=\"3840\" data-end=\"3880\">8. Meta Pixel (Facebook &amp; Instagram)<\/strong><\/h2>\r\n<p data-start=\"3882\" data-end=\"3993\">Diese Website nutzt das\u00a0<strong data-start=\"3906\" data-end=\"3920\">Meta Pixel<\/strong>\u00a0der Meta Platforms Ireland Ltd., 4 Grand Canal Square, Dublin 2, Irland.<\/p>\r\n<p data-start=\"3995\" data-end=\"4233\">Mit Hilfe des Meta Pixels kann das Verhalten von Besuchern nachverfolgt werden, nachdem diese durch Klick auf eine Meta-Werbeanzeige auf unsere Website weitergeleitet wurden. Dadurch k\u00f6nnen Werbema\u00dfnahmen ausgewertet und optimiert werden.<\/p>\r\n<p data-start=\"4235\" data-end=\"4295\">Eine \u00dcbertragung der Daten an Server in den USA ist m\u00f6glich.<\/p>\r\n<p data-start=\"4297\" data-end=\"4361\"><strong data-start=\"4297\" data-end=\"4317\">Rechtsgrundlage:<\/strong><br data-start=\"4317\" data-end=\"4320\" \/>Art. 6 Abs. 1 lit. a DSGVO (Einwilligung)<\/p>\r\n<hr data-start=\"4363\" data-end=\"4366\" \/>\r\n<h2 data-start=\"4368\" data-end=\"4398\"><strong data-start=\"4371\" data-end=\"4398\">9. LinkedIn Insight Tag<\/strong><\/h2>\r\n<p data-start=\"4400\" data-end=\"4555\">Wir verwenden auf unserer Website den\u00a0<strong data-start=\"4438\" data-end=\"4462\">LinkedIn Insight Tag<\/strong>, einen Analysedienst der LinkedIn Ireland Unlimited Company, Wilton Plaza, Dublin 2, Irland.<\/p>\r\n<p data-start=\"4557\" data-end=\"4724\">Der LinkedIn Insight Tag erm\u00f6glicht uns statistische Auswertungen \u00fcber die Nutzung unserer Website sowie das Ausspielen zielgerichteter Werbung innerhalb von LinkedIn.<\/p>\r\n<p data-start=\"4726\" data-end=\"4790\"><strong data-start=\"4726\" data-end=\"4746\">Rechtsgrundlage:<\/strong><br data-start=\"4746\" data-end=\"4749\" \/>Art. 6 Abs. 1 lit. a DSGVO (Einwilligung)<\/p>\r\n<hr data-start=\"5285\" data-end=\"5288\" \/>\r\n<h2 data-start=\"5290\" data-end=\"5341\"><strong data-start=\"5293\" data-end=\"5341\">10. Kontaktaufnahme per E-Mail oder Formular<\/strong><\/h2>\r\n<p data-start=\"5343\" data-end=\"5525\">Wenn Sie uns per E-Mail oder \u00fcber ein Kontaktformular kontaktieren, werden Ihre Angaben inklusive der von Ihnen \u00fcbermittelten Kontaktdaten gespeichert, um Ihre Anfrage zu bearbeiten.<\/p>\r\n<p data-start=\"5527\" data-end=\"5576\"><strong data-start=\"5527\" data-end=\"5547\">Rechtsgrundlage:<\/strong><br data-start=\"5547\" data-end=\"5550\" \/>Art. 6 Abs. 1 lit. b DSGVO<\/p>\r\n<hr data-start=\"5578\" data-end=\"5581\" \/>\r\n<h2 data-start=\"5583\" data-end=\"5605\"><strong data-start=\"5586\" data-end=\"5605\">11. Ihre Rechte<\/strong><\/h2>\r\n<p data-start=\"5607\" data-end=\"5641\">Sie haben jederzeit das Recht auf:<\/p>\r\n<ul data-start=\"5643\" data-end=\"5883\">\r\n<li data-start=\"5643\" data-end=\"5671\">\r\n<p data-start=\"5645\" data-end=\"5671\">Auskunft (Art. 15 DSGVO)<\/p>\r\n<\/li>\r\n<li data-start=\"5672\" data-end=\"5704\">\r\n<p data-start=\"5674\" data-end=\"5704\">Berichtigung (Art. 16 DSGVO)<\/p>\r\n<\/li>\r\n<li data-start=\"5705\" data-end=\"5733\">\r\n<p data-start=\"5707\" data-end=\"5733\">L\u00f6schung (Art. 17 DSGVO)<\/p>\r\n<\/li>\r\n<li data-start=\"5734\" data-end=\"5784\">\r\n<p data-start=\"5736\" data-end=\"5784\">Einschr\u00e4nkung der Verarbeitung (Art. 18 DSGVO)<\/p>\r\n<\/li>\r\n<li data-start=\"5785\" data-end=\"5825\">\r\n<p data-start=\"5787\" data-end=\"5825\">Daten\u00fcbertragbarkeit (Art. 20 DSGVO)<\/p>\r\n<\/li>\r\n<li data-start=\"5826\" data-end=\"5883\">\r\n<p data-start=\"5828\" data-end=\"5883\">Widerruf erteilter Einwilligungen (Art. 7 Abs. 3 DSGVO)<\/p>\r\n<\/li>\r\n<\/ul>\r\n<hr data-start=\"5885\" data-end=\"5888\" \/>\r\n<h2 data-start=\"5890\" data-end=\"5916\"><strong data-start=\"5893\" data-end=\"5916\">12. Beschwerderecht<\/strong><\/h2>\r\n<p data-start=\"5918\" data-end=\"5996\">Sie haben das Recht, sich bei einer Datenschutzaufsichtsbeh\u00f6rde zu beschweren.<\/p>\r\n<hr data-start=\"5998\" data-end=\"6001\" \/>\r\n<h2 data-start=\"6003\" data-end=\"6043\"><strong data-start=\"6006\" data-end=\"6043\">13. SSL- bzw. TLS-Verschl\u00fcsselung<\/strong><\/h2>\r\n<p data-start=\"6045\" data-end=\"6161\">Diese Website nutzt eine SSL- bzw. TLS-Verschl\u00fcsselung, um \u00fcbermittelte Inhalte vor dem Zugriff Dritter zu sch\u00fctzen.<\/p>\r\n<hr data-start=\"6163\" data-end=\"6166\" \/>\r\n<h2 data-start=\"6168\" data-end=\"6189\"><strong data-start=\"6171\" data-end=\"6189\">14. Aktualit\u00e4t<\/strong><\/h2>\r\n<p data-start=\"6191\" data-end=\"6346\">Diese Datenschutzerkl\u00e4rung ist aktuell g\u00fcltig und hat den Stand\u00a0<strong data-start=\"6255\" data-end=\"6271\">April 2026<\/strong>.<br data-start=\"6272\" data-end=\"6275\" \/>Sie wird bei Bedarf an rechtliche oder technische \u00c4nderungen angepasst.<\/p>\r\n<\/div>\r\n<\/div>\r\n<\/div>\r\n<\/div>\r\n<\/div>\r\n<\/div>\r\n<\/div>\r\n<\/div>\r\n<\/article>\r\n<\/div>\r\n<\/div>\r\n","protected":false},"excerpt":{"rendered":"<p>Impressum Gefl\u00fcgelzuchtverein Detmold und Umgebung von 1894 e.V.Verantwortlich f\u00fcr den Inhalt nach \u00a7 18 Abs. 2 MStV: Ludwig BartmannWilhelmweg 732756 DetmoldTel. 05231 65366info@gzv-detmold.de Haftung f\u00fcr Inhalte Als Diensteanbieter sind wir gem\u00e4\u00df \u00a7 7 Abs. 1 TMG f\u00fcr eigene Inhalte auf diesen Seiten nach den allgemeinen Gesetze verantwortlich. Nach \u00a7\u00a7 8 bis 10 TMG sind wir [&hellip;]<\/p>\n","protected":false},"author":1,"featured_media":0,"parent":0,"menu_order":0,"comment_status":"closed","ping_status":"open","template":"","meta":{"_et_pb_use_builder":"","_et_pb_old_content":"","_et_gb_content_width":"","footnotes":""},"class_list":["post-3","page","type-page","status-publish","hentry"],"_links":{"self":[{"href":"https:\/\/www.gefl\u00fcgelzuchtverein-detmold.de\/home\/wp-json\/wp\/v2\/pages\/3","targetHints":{"allow":["GET"]}}],"collection":[{"href":"https:\/\/www.gefl\u00fcgelzuchtverein-detmold.de\/home\/wp-json\/wp\/v2\/pages"}],"about":[{"href":"https:\/\/www.gefl\u00fcgelzuchtverein-detmold.de\/home\/wp-json\/wp\/v2\/types\/page"}],"author":[{"embeddable":true,"href":"https:\/\/www.gefl\u00fcgelzuchtverein-detmold.de\/home\/wp-json\/wp\/v2\/users\/1"}],"replies":[{"embeddable":true,"href":"https:\/\/www.gefl\u00fcgelzuchtverein-detmold.de\/home\/wp-json\/wp\/v2\/comments?post=3"}],"version-history":[{"count":1,"href":"https:\/\/www.gefl\u00fcgelzuchtverein-detmold.de\/home\/wp-json\/wp\/v2\/pages\/3\/revisions"}],"predecessor-version":[{"id":839,"href":"https:\/\/www.gefl\u00fcgelzuchtverein-detmold.de\/home\/wp-json\/wp\/v2\/pages\/3\/revisions\/839"}],"wp:attachment":[{"href":"https:\/\/www.gefl\u00fcgelzuchtverein-detmold.de\/home\/wp-json\/wp\/v2\/media?parent=3"}],"curies":[{"name":"wp","href":"https:\/\/api.w.org\/{rel}","templated":true}]}}